{"id":1580,"date":"2022-10-28T18:50:47","date_gmt":"2022-10-28T18:50:47","guid":{"rendered":"https:\/\/rabamurakas.ee\/?page_id=1580"},"modified":"2024-01-27T16:30:04","modified_gmt":"2024-01-27T16:30:04","slug":"refund_returns","status":"publish","type":"page","link":"https:\/\/rabamurakas.ee\/en\/refund_returns\/","title":{"rendered":"M\u00fc\u00fcgitingimused"},"content":{"rendered":"<h3 id=\"veebipoe-m\u00fc\u00fcgitingimused\"><strong>VEEBIPOE M\u00dc\u00dcGITINGIMUSED<\/strong><\/h3>\n<p>Veebipoe www.rabamurakas.ee (edaspidi Veebipood) omanik on Rabamurakas O\u00dc (registrikood16247043), asukohaga Kesk 40-6 P\u00f5lva linn 63304.<\/p>\n<p><strong>M\u00fc\u00fcgilepingu kehtivus, kauba- ja hinnainfo<\/strong><\/p>\n<p>M\u00fc\u00fcgitingimused kehtivad Veebipoest kaupade ostmisel.<\/p>\n<p>Veebipoes m\u00fc\u00fcdavate toodete hinnad on m\u00e4rgitud toodete juurde. Kullerteenuse puhul lisandub tasu kauba k\u00e4ttetoimetamise eest. Klient saab tootele ise j\u00e4rele tulla ilma lisatasudeta. K\u00f5ik veebipoes m\u00fc\u00fcdavate kaupade hinnad on eurodes.<\/p>\n<p>Kauba k\u00e4ttetoimetamise tasu s\u00f5ltub ostja asukohast ning k\u00e4ttetoimetamise viisist. K\u00e4ttetoimetamise tasu kuvatakse ostjale tellimuse vormistamisel.<\/p>\n<p>Teave kauba kohta on esitatud Veebipoes vahetult kauba juures.<\/p>\n<p><strong>Tellimuse vormistamine<\/strong><\/p>\n<p>Kauba tellimiseks tuleb lisada soovitud tooted ostukorvi. Tellimuse vormistamiseks tuleb t\u00e4ita n\u00f5utud andmev\u00e4ljad ning valida sobiv toodete kohaletoimetamise viis. Seej\u00e4rel kuvatakse ekraanile tasu suurus, mille saab tasuda turvaliselt l\u00e4bi j\u00e4rgnevate makseviiside:<\/p>\n<ul>\n<li>Eesti pangamaksed: Swedbank, SEB, Luminor, LHV, Coop Pank, Citadele, Pocopay, Revolut, N26<\/li>\n<li>Panga\u00fclekandega<\/li>\n<li>Tasudes sularahas kauba k\u00e4ttesaamisel<\/li>\n<li>Maksa hiljem lahendusega mida vahendab Inbank<\/li>\n<\/ul>\n<p>NB! Pangalingiga tasumisel vajutada kindlasti panga lehel nupule \u201eTagasi kaupmehe juurde\u201c.<\/p>\n<p>Pangamakseid vahendab Montonio Finance O\u00dc. Tasumine toimub v\u00e4ljaspool Veebipoodi turvalises keskkonnas \u2013 pangalingiga tasumisel vastava panga turvalises keskkonnas ja krediitkaardiga tasumisel Montonio Finance O\u00dc turvalises keskkonnas. M\u00fc\u00fcjal puudub ligip\u00e4\u00e4s kliendi panga ja krediitkaardi andmetele. Leping j\u00f5ustub alates tasumisele kuuluva summa laekumisest Veebipoe arvelduskontole.<\/p>\n<p>Veebipoe omanik on isikuandmete vastutav t\u00f6\u00f6tleja ning edastab maksete teostamiseks vajalikud isikuandmed volitatud t\u00f6\u00f6tleja Montonio Finance O\u00dc-le.<\/p>\n<p>Kui tellitud kaupa ei ole v\u00f5imalik tarnida seoses kauba l\u00f5ppemisega v\u00f5i muul p\u00f5hjusel, teavitatakse sellest ostjat esimesel v\u00f5imalusel ning tagastatakse tasutud raha (sh kauba k\u00e4ttetoimetamise kulud) viivitamata, kuid mitte hiljem kui 14 p\u00e4eva jooksul teate saatmisest.<\/p>\n<p><strong>Kohaletoimetamine<\/strong><\/p>\n<p>Kaupu saadetakse j\u00e4rgmistesse riikidesse: Eesti<\/p>\n<p>Kauba k\u00e4ttesaamiseks on ostjal j\u00e4rgnevad valikud: tuleb kokkulepitud ajal ise j\u00e4rele v\u00f5i tellib kullerteenuse kaupa kohale toimetamiseks.<\/p>\n<p>Kauba saatmiskulud kannab ostja ning vastav hinnainfo on kuvatud saatmisviisi juures.<\/p>\n<p>Eestisisesed saadetised j\u00f5uavad \u00fcldjuhul ostja m\u00e4\u00e4ratud sihtpunkti 2-4 t\u00f6\u00f6p\u00e4eva jooksul alates m\u00fc\u00fcgilepingu j\u00f5ustumisest.<\/p>\n<p>Erandlikel juhtumitel on \u00f5igus kaup kohale toimetada kuni 45 kalendrip\u00e4eva jooksul.<\/p>\n<p><strong>Taganemis\u00f5igus<\/strong><\/p>\n<ol>\n<li>Kliendil on \u00f5igus lepingust taganeda (toodetest loobuda) 14 kalendrip\u00e4eva jooksul toodete k\u00e4ttesaamisest, v\u00e4lja arvatud punktis 2. ja 3. toodud juhtudel.<\/li>\n<li>Tulenevalt v\u00f5la\u00f5igusseaduse (edaspidi: V\u00d5S) \u00a7 53 l\u00f5ike 2 punktist 9, ei kohaldu 14 p\u00e4evane Lepingust taganemis\u00f5igus toiduainete, jookide ja\/v\u00f5i muu igap\u00e4evaseks tarbimiseks m\u00f5eldud toodete ostmisel, mis antakse \u00fcle ettev\u00f5tja sagedaste ja korrap\u00e4raste rings\u00f5itude k\u00e4igus tarbija elu-, asu- v\u00f5i t\u00f6\u00f6kohas.<\/li>\n<li>Tulenevalt V\u00d5S \u00a7 53 l\u00f5ike 4 punktidest ei kohaldu 14 p\u00e4evane Lepingust taganemis\u00f5igus muuhulgas:- sellisele tootele, mis rikneb v\u00f5i vananeb kiiresti;- sellise suletud pakendis toote \u00fcleandmisel, mis ei ole k\u00f5lblik tagasisaatmiseks tervisekaitse v\u00f5i h\u00fcgieenilistel p\u00f5hjustel ning kui see on p\u00e4rast kohaletoimetamist avatud.- millele on ette n\u00e4htud spetsiifilised v\u00f5i soovituslikud hoiustamistingimused.<\/li>\n<li>Lepingust taganemiseks esitab Klient kauba Tagastamisavalduse. Tagastamisavaldust on Kliendil v\u00f5imalik esitada saates see M\u00fc\u00fcja e-posti aadressile\u00a0 info@rabamurakas.ee. Peale avalduse l\u00e4bi vaatamist M\u00fc\u00fcja poolt, teatatakse kliendile tagastusaadress.<\/li>\n<li>Tagastatavad tooted ei tohi olla rikutud, kahjustatud v\u00f5i kasutatud ning peavad olema oma originaalses tootepakendis. Et veenduda asja olemuses, omadustes ja toimimises, peab Klient k\u00e4sitsema toodet \u00fcksnes nii, nagu tal lubataks tavap\u00e4raselt seda teha poes. Tootepakend tuleb avada ettevaatlikult seda kahjustamata. Vastasel korral on M\u00fc\u00fcjal \u00f5igus n\u00f5uda Kliendilt h\u00fcvitist toote v\u00e4\u00e4rtuse v\u00e4henemise eest.<\/li>\n<li>Tagastatavad tooted tuleb saata m\u00fc\u00fcjale viivitamatult, kuid hiljemalt 14 p\u00e4eva jooksul taganemisavalduse esitamisest. Toote tagastamisega seotud kulud kannab Ostja. Kauba tagastamise kulud kannab Ostja, v\u00e4lja arvatud juhul, kui tagastamise p\u00f5hjus seisneb asjaolus, et tagastamisele kuuluv toode ei vasta tellitule (nt vale v\u00f5i defektiga toode).<\/li>\n<li>Juhul, kui Klient on lepingust taganenud, tooted M\u00fc\u00fcjale tagastanud ning tagastatud tooted on n\u00f5uetekohased (sh arvestades punktides 2. ja 3. toodut), tagastab M\u00fc\u00fcja Kliendile tellimuse maksumuse koos kohaletoimetamise tasuga 14 p\u00e4eva jooksul taganemisavalduse esitamisest. Tagasimaksed tehakse Kliendile samale arvelduskontole, kust laekus raha tellimuse eest.<\/li>\n<li>Juhul kui peale kauba tagastamist ilmneb, et tagastus ei vasta Kasutuslepingus toodud tingimustele, siis raha ei tagastata.<\/li>\n<\/ol>\n<p>Kui kaup on purunenud v\u00f5i kaup on olulis(t)e kahjustus(t)ega, mis polnud v\u00e4lisel vaatlusel kohe tuvastatav ning mis pole tekkinud pakendi avamisel v\u00f5i kui kaup on vale, palume\u00a0 sellest koheselt teavitada aadressil info@rabamurakas.ee<\/p>\n<p>Taganemis\u00f5igus ei kohaldu, kui ostjaks on juriidiline isik.<\/p>\n<p>Kui kaupa on kasutatud muuks otstarbeks kui on vajalik kauba olemuses, omadustes ja toimimises veendumiseks v\u00f5i sellel on kasutamise v\u00f5i kulumise m\u00e4rke, on Veebipoel \u00f5igus alandada tagastatavat tasu vastavalt kauba v\u00e4\u00e4rtuse v\u00e4henemisele.<\/p>\n<p>Ostja peab kauba tagastama avalduse esitamisele j\u00e4rgneva 14 p\u00e4eva jooksul v\u00f5i esitama t\u00f5endi, et ta on eelnimetatud perioodi jooksul kauba \u00fcle andnud kauba vedajale.<\/p>\n<p>Veebipood tagastab tagastatava kauba k\u00e4ttesaamisel ostjale viivitamata, kuid mitte hiljem kui 14 p\u00e4eva m\u00f6\u00f6dumisel arvates taganemisavalduse saamisest, k\u00f5ik ostjalt lepingu alusel saadud tasud.<\/p>\n<p>Veebipood v\u00f5ib keelduda tagasimaksete tegemisest seni, kuni on lepingu esemeks oleva asja tagasi saanud v\u00f5i kuni ostja on esitanud t\u00f5endid, et on asja tagasi saatnud, s\u00f5ltuvalt sellest, kumb toimub varem.<\/p>\n<p>Kui ostja on s\u00f5naselgelt valinud Veebipoe pakutud k\u00f5ige odavamast tavap\u00e4rasest asja k\u00e4ttetoimetamise viisist erineva k\u00e4ttetoimetamise viisi, ei pea Veebipood tarbijale tagastama kulu, mis \u00fcletab tavap\u00e4rase k\u00e4ttetoimetamise viisiga seotud kulu.<\/p>\n<p>Veebipoel on \u00f5igus taganeda m\u00fc\u00fcgitehingust ning n\u00f5uda ostjalt tagasi kaup, kui kauba hind veebipoes on eksituse t\u00f5ttu m\u00e4rgitud oluliselt alla kauba turuhinna.<\/p>\n<p><strong>Pretensiooni esitamise \u00f5igus<\/strong><\/p>\n<p>Veebipood vastutab ostjale m\u00fc\u00fcdud kauba lepingutingimustele mittevastavuse v\u00f5i puuduse eest, mis oli olemas juba asja \u00fcleandmise hetkel ning mis ilmneb kuni kahe aasta jooksul, alates kauba \u00fcleandmisest ostjale.\u00a0<b data-stringify-type=\"bold\">Sellest 1 aasta jooksul alates asja \u00fcleandmisest ostjale eeldatakse, et puudus oli olemas juba asja \u00fcleandmise ajal. Vastava eelduse \u00fcmberl\u00fckkamine on Veebipoe kohustus.<\/b><\/p>\n<p>Veebipood ei vastuta puuduste eest, mis on tekkinud p\u00e4rast kauba \u00fcleandmist ostjale.<\/p>\n<p>Kui Veebipoest ostetud kaubal on puudused, mille eest Veebipood vastutab, parandab v\u00f5i asendab Veebipood puudusega kauba. Kui kaupa ei ole v\u00f5imalik parandada ega asendada, tagastab Veebipood ostjale k\u00f5ik m\u00fc\u00fcgilepinguga kaasnenud tasud.<\/p>\n<p>Veebipood vastab tarbija esitatud kaebusele kirjalikult v\u00f5i kirjalikku taasesitamist v\u00f5imaldavas vormis 15 p\u00e4eva jooksul.<\/p>\n<p><strong>Otseturustus ja isikuandmete t\u00f6\u00f6tlemine<\/strong><\/p>\n<p>Veebipood kasutab ostja poolt sisestatud isikuandmeid ainult tellimuse t\u00f6\u00f6tlemiseks ning kauba ostjale saatmiseks. Veebipood edastab isikuandmeid veoteenust pakkuvale ettev\u00f5tetele selleks, et kohale toimetada kaupa.<\/p>\n<p>Veebipood saadab ostjale uudiskirju ning pakkumisi ostja e-maili aadressile ainult juhul, kui ostja on selleks avaldanud soovi sisestades veebilehel e-kirja aadressi ning andnud teada oma soovist otsepostituse teadete saamiseks.<\/p>\n<p>Ostjal on igal ajal v\u00f5imalik loobuda e-postile saadetavatest pakkumistest ja uudiskirjadest andes sellest meile teada e-kirja teel v\u00f5i j\u00e4rgides pakkumisi sisaldava e-kirjas toodud juhiseid.<\/p>\n<p><strong>Vaidluste lahendamine<\/strong><\/p>\n<p>Kui ostjal on Veebipoe osas pretensioone, tuleb need saata e-kirja aadressile info@rabamurakas.ee v\u00f5i helistada telefonil: 53470383<\/p>\n<p>Kui ostja ja Veebipood ei suuda lahendada vaidlust kokkuleppe teel, siis on ostjal v\u00f5imalik p\u00f6\u00f6rduda Tarbijavaidluste komisjoni poole. \u00a0Tarbijavaidluste komisjoni p\u00e4devuses on lahendada ostja ja Veebipoe vahel s\u00f5lmitud lepingust tulenevaid vaidlusi. Ostja kaebuse l\u00e4bivaatamine komisjonis on tasuta.<\/p>\n<p>Ostja v\u00f5ib p\u00f6\u00f6rduda Euroopa Liidu tarbijavaidlusi lahendava platvormi\u00a0<a href=\"https:\/\/ec.europa.eu\/consumers\/odr\/main\/index.cfm?event=main.home2.show&amp;lng=ET\" target=\"_blank\" rel=\"noopener noreferrer\">poole<\/a>.<\/p>","protected":false},"excerpt":{"rendered":"<p>VEEBIPOE M\u00dc\u00dcGITINGIMUSED Veebipoe www.rabamurakas.ee (edaspidi Veebipood) omanik on Rabamurakas O\u00dc (registrikood16247043), asukohaga Kesk 40-6 P\u00f5lva linn 63304. M\u00fc\u00fcgilepingu kehtivus, kauba- ja hinnainfo M\u00fc\u00fcgitingimused kehtivad Veebipoest kaupade ostmisel. Veebipoes m\u00fc\u00fcdavate toodete hinnad on m\u00e4rgitud toodete juurde. Kullerteenuse puhul lisandub tasu kauba k\u00e4ttetoimetamise eest. Klient saab tootele ise j\u00e4rele tulla ilma lisatasudeta. K\u00f5ik veebipoes m\u00fc\u00fcdavate kaupade hinnad [&hellip;]<\/p>\n","protected":false},"author":1,"featured_media":0,"parent":0,"menu_order":0,"comment_status":"closed","ping_status":"closed","template":"","meta":{"site-sidebar-layout":"default","site-content-layout":"default","ast-site-content-layout":"default","site-content-style":"default","site-sidebar-style":"default","ast-global-header-display":"","ast-banner-title-visibility":"","ast-main-header-display":"","ast-hfb-above-header-display":"","ast-hfb-below-header-display":"","ast-hfb-mobile-header-display":"","site-post-title":"","ast-breadcrumbs-content":"","ast-featured-img":"","footer-sml-layout":"","theme-transparent-header-meta":"default","adv-header-id-meta":"","stick-header-meta":"","header-above-stick-meta":"","header-main-stick-meta":"","header-below-stick-meta":"","astra-migrate-meta-layouts":"set","ast-page-background-enabled":"default","ast-page-background-meta":{"desktop":{"background-color":"var(--ast-global-color-4)","background-image":"","background-repeat":"repeat","background-position":"center center","background-size":"auto","background-attachment":"scroll","background-type":"","background-media":"","overlay-type":"","overlay-color":"","overlay-opacity":"","overlay-gradient":""},"tablet":{"background-color":"","background-image":"","background-repeat":"repeat","background-position":"center center","background-size":"auto","background-attachment":"scroll","background-type":"","background-media":"","overlay-type":"","overlay-color":"","overlay-opacity":"","overlay-gradient":""},"mobile":{"background-color":"","background-image":"","background-repeat":"repeat","background-position":"center center","background-size":"auto","background-attachment":"scroll","background-type":"","background-media":"","overlay-type":"","overlay-color":"","overlay-opacity":"","overlay-gradient":""}},"ast-content-background-meta":{"desktop":{"background-color":"var(--ast-global-color-5)","background-image":"","background-repeat":"repeat","background-position":"center center","background-size":"auto","background-attachment":"scroll","background-type":"","background-media":"","overlay-type":"","overlay-color":"","overlay-opacity":"","overlay-gradient":""},"tablet":{"background-color":"var(--ast-global-color-5)","background-image":"","background-repeat":"repeat","background-position":"center center","background-size":"auto","background-attachment":"scroll","background-type":"","background-media":"","overlay-type":"","overlay-color":"","overlay-opacity":"","overlay-gradient":""},"mobile":{"background-color":"var(--ast-global-color-5)","background-image":"","background-repeat":"repeat","background-position":"center center","background-size":"auto","background-attachment":"scroll","background-type":"","background-media":"","overlay-type":"","overlay-color":"","overlay-opacity":"","overlay-gradient":""}},"footnotes":""},"class_list":["post-1580","page","type-page","status-publish","hentry"],"yoast_head":"<!-- This site is optimized with the Yoast SEO plugin v27.5 - https:\/\/yoast.com\/product\/yoast-seo-wordpress\/ -->\n<title>M\u00fc\u00fcgitingimused - Rabamurakas<\/title>\n<meta name=\"robots\" content=\"index, follow, max-snippet:-1, max-image-preview:large, max-video-preview:-1\" \/>\n<link rel=\"canonical\" href=\"https:\/\/rabamurakas.ee\/en\/refund_returns\/\" \/>\n<meta property=\"og:locale\" content=\"en_GB\" \/>\n<meta property=\"og:type\" content=\"article\" \/>\n<meta property=\"og:title\" content=\"M\u00fc\u00fcgitingimused - Rabamurakas\" \/>\n<meta property=\"og:description\" content=\"VEEBIPOE M\u00dc\u00dcGITINGIMUSED Veebipoe www.rabamurakas.ee (edaspidi Veebipood) omanik on Rabamurakas O\u00dc (registrikood16247043), asukohaga Kesk 40-6 P\u00f5lva linn 63304. M\u00fc\u00fcgilepingu kehtivus, kauba- ja hinnainfo M\u00fc\u00fcgitingimused kehtivad Veebipoest kaupade ostmisel. Veebipoes m\u00fc\u00fcdavate toodete hinnad on m\u00e4rgitud toodete juurde. Kullerteenuse puhul lisandub tasu kauba k\u00e4ttetoimetamise eest. Klient saab tootele ise j\u00e4rele tulla ilma lisatasudeta. K\u00f5ik veebipoes m\u00fc\u00fcdavate kaupade hinnad [&hellip;]\" \/>\n<meta property=\"og:url\" content=\"https:\/\/rabamurakas.ee\/en\/refund_returns\/\" \/>\n<meta property=\"og:site_name\" content=\"Rabamurakas\" \/>\n<meta property=\"article:publisher\" content=\"https:\/\/www.facebook.com\/Rabamurakas\" \/>\n<meta property=\"article:modified_time\" content=\"2024-01-27T16:30:04+00:00\" \/>\n<meta name=\"twitter:card\" content=\"summary_large_image\" \/>\n<meta name=\"twitter:label1\" content=\"Estimated reading time\" \/>\n\t<meta name=\"twitter:data1\" content=\"6 minutes\" \/>\n<script type=\"application\/ld+json\" class=\"yoast-schema-graph\">{\"@context\":\"https:\\\/\\\/schema.org\",\"@graph\":[{\"@type\":\"WebPage\",\"@id\":\"https:\\\/\\\/rabamurakas.ee\\\/en\\\/refund_returns\\\/\",\"url\":\"https:\\\/\\\/rabamurakas.ee\\\/en\\\/refund_returns\\\/\",\"name\":\"M\u00fc\u00fcgitingimused - Rabamurakas\",\"isPartOf\":{\"@id\":\"https:\\\/\\\/rabamurakas.ee\\\/#website\"},\"datePublished\":\"2022-10-28T18:50:47+00:00\",\"dateModified\":\"2024-01-27T16:30:04+00:00\",\"breadcrumb\":{\"@id\":\"https:\\\/\\\/rabamurakas.ee\\\/en\\\/refund_returns\\\/#breadcrumb\"},\"inLanguage\":\"en-GB\",\"potentialAction\":[{\"@type\":\"ReadAction\",\"target\":[\"https:\\\/\\\/rabamurakas.ee\\\/en\\\/refund_returns\\\/\"]}]},{\"@type\":\"BreadcrumbList\",\"@id\":\"https:\\\/\\\/rabamurakas.ee\\\/en\\\/refund_returns\\\/#breadcrumb\",\"itemListElement\":[{\"@type\":\"ListItem\",\"position\":1,\"name\":\"Home\",\"item\":\"https:\\\/\\\/rabamurakas.ee\\\/\"},{\"@type\":\"ListItem\",\"position\":2,\"name\":\"M\u00fc\u00fcgitingimused\"}]},{\"@type\":\"WebSite\",\"@id\":\"https:\\\/\\\/rabamurakas.ee\\\/#website\",\"url\":\"https:\\\/\\\/rabamurakas.ee\\\/\",\"name\":\"Rabamurakas\",\"description\":\"Lauake kata end!\",\"publisher\":{\"@id\":\"https:\\\/\\\/rabamurakas.ee\\\/#organization\"},\"potentialAction\":[{\"@type\":\"SearchAction\",\"target\":{\"@type\":\"EntryPoint\",\"urlTemplate\":\"https:\\\/\\\/rabamurakas.ee\\\/?s={search_term_string}\"},\"query-input\":{\"@type\":\"PropertyValueSpecification\",\"valueRequired\":true,\"valueName\":\"search_term_string\"}}],\"inLanguage\":\"en-GB\"},{\"@type\":\"Organization\",\"@id\":\"https:\\\/\\\/rabamurakas.ee\\\/#organization\",\"name\":\"Rabamurakas\",\"url\":\"https:\\\/\\\/rabamurakas.ee\\\/\",\"logo\":{\"@type\":\"ImageObject\",\"inLanguage\":\"en-GB\",\"@id\":\"https:\\\/\\\/rabamurakas.ee\\\/#\\\/schema\\\/logo\\\/image\\\/\",\"url\":\"https:\\\/\\\/rabamurakas.ee\\\/wp-content\\\/uploads\\\/2022\\\/06\\\/Rabamurakas-5.png\",\"contentUrl\":\"https:\\\/\\\/rabamurakas.ee\\\/wp-content\\\/uploads\\\/2022\\\/06\\\/Rabamurakas-5.png\",\"width\":940,\"height\":788,\"caption\":\"Rabamurakas\"},\"image\":{\"@id\":\"https:\\\/\\\/rabamurakas.ee\\\/#\\\/schema\\\/logo\\\/image\\\/\"},\"sameAs\":[\"https:\\\/\\\/www.facebook.com\\\/Rabamurakas\"]}]}<\/script>\n<!-- \/ Yoast SEO plugin. -->","yoast_head_json":{"title":"M\u00fc\u00fcgitingimused - Rabamurakas","robots":{"index":"index","follow":"follow","max-snippet":"max-snippet:-1","max-image-preview":"max-image-preview:large","max-video-preview":"max-video-preview:-1"},"canonical":"https:\/\/rabamurakas.ee\/en\/refund_returns\/","og_locale":"en_GB","og_type":"article","og_title":"M\u00fc\u00fcgitingimused - Rabamurakas","og_description":"VEEBIPOE M\u00dc\u00dcGITINGIMUSED Veebipoe www.rabamurakas.ee (edaspidi Veebipood) omanik on Rabamurakas O\u00dc (registrikood16247043), asukohaga Kesk 40-6 P\u00f5lva linn 63304. M\u00fc\u00fcgilepingu kehtivus, kauba- ja hinnainfo M\u00fc\u00fcgitingimused kehtivad Veebipoest kaupade ostmisel. Veebipoes m\u00fc\u00fcdavate toodete hinnad on m\u00e4rgitud toodete juurde. Kullerteenuse puhul lisandub tasu kauba k\u00e4ttetoimetamise eest. Klient saab tootele ise j\u00e4rele tulla ilma lisatasudeta. K\u00f5ik veebipoes m\u00fc\u00fcdavate kaupade hinnad [&hellip;]","og_url":"https:\/\/rabamurakas.ee\/en\/refund_returns\/","og_site_name":"Rabamurakas","article_publisher":"https:\/\/www.facebook.com\/Rabamurakas","article_modified_time":"2024-01-27T16:30:04+00:00","twitter_card":"summary_large_image","twitter_misc":{"Estimated reading time":"6 minutes"},"schema":{"@context":"https:\/\/schema.org","@graph":[{"@type":"WebPage","@id":"https:\/\/rabamurakas.ee\/en\/refund_returns\/","url":"https:\/\/rabamurakas.ee\/en\/refund_returns\/","name":"M\u00fc\u00fcgitingimused - Rabamurakas","isPartOf":{"@id":"https:\/\/rabamurakas.ee\/#website"},"datePublished":"2022-10-28T18:50:47+00:00","dateModified":"2024-01-27T16:30:04+00:00","breadcrumb":{"@id":"https:\/\/rabamurakas.ee\/en\/refund_returns\/#breadcrumb"},"inLanguage":"en-GB","potentialAction":[{"@type":"ReadAction","target":["https:\/\/rabamurakas.ee\/en\/refund_returns\/"]}]},{"@type":"BreadcrumbList","@id":"https:\/\/rabamurakas.ee\/en\/refund_returns\/#breadcrumb","itemListElement":[{"@type":"ListItem","position":1,"name":"Home","item":"https:\/\/rabamurakas.ee\/"},{"@type":"ListItem","position":2,"name":"M\u00fc\u00fcgitingimused"}]},{"@type":"WebSite","@id":"https:\/\/rabamurakas.ee\/#website","url":"https:\/\/rabamurakas.ee\/","name":"Rabamurakas","description":"Lauake kata end!","publisher":{"@id":"https:\/\/rabamurakas.ee\/#organization"},"potentialAction":[{"@type":"SearchAction","target":{"@type":"EntryPoint","urlTemplate":"https:\/\/rabamurakas.ee\/?s={search_term_string}"},"query-input":{"@type":"PropertyValueSpecification","valueRequired":true,"valueName":"search_term_string"}}],"inLanguage":"en-GB"},{"@type":"Organization","@id":"https:\/\/rabamurakas.ee\/#organization","name":"Rabamurakas","url":"https:\/\/rabamurakas.ee\/","logo":{"@type":"ImageObject","inLanguage":"en-GB","@id":"https:\/\/rabamurakas.ee\/#\/schema\/logo\/image\/","url":"https:\/\/rabamurakas.ee\/wp-content\/uploads\/2022\/06\/Rabamurakas-5.png","contentUrl":"https:\/\/rabamurakas.ee\/wp-content\/uploads\/2022\/06\/Rabamurakas-5.png","width":940,"height":788,"caption":"Rabamurakas"},"image":{"@id":"https:\/\/rabamurakas.ee\/#\/schema\/logo\/image\/"},"sameAs":["https:\/\/www.facebook.com\/Rabamurakas"]}]}},"_links":{"self":[{"href":"https:\/\/rabamurakas.ee\/en\/wp-json\/wp\/v2\/pages\/1580","targetHints":{"allow":["GET"]}}],"collection":[{"href":"https:\/\/rabamurakas.ee\/en\/wp-json\/wp\/v2\/pages"}],"about":[{"href":"https:\/\/rabamurakas.ee\/en\/wp-json\/wp\/v2\/types\/page"}],"author":[{"embeddable":true,"href":"https:\/\/rabamurakas.ee\/en\/wp-json\/wp\/v2\/users\/1"}],"replies":[{"embeddable":true,"href":"https:\/\/rabamurakas.ee\/en\/wp-json\/wp\/v2\/comments?post=1580"}],"version-history":[{"count":3,"href":"https:\/\/rabamurakas.ee\/en\/wp-json\/wp\/v2\/pages\/1580\/revisions"}],"predecessor-version":[{"id":2989,"href":"https:\/\/rabamurakas.ee\/en\/wp-json\/wp\/v2\/pages\/1580\/revisions\/2989"}],"wp:attachment":[{"href":"https:\/\/rabamurakas.ee\/en\/wp-json\/wp\/v2\/media?parent=1580"}],"curies":[{"name":"wp","href":"https:\/\/api.w.org\/{rel}","templated":true}]}}