{"id":1593,"date":"2022-06-05T06:46:29","date_gmt":"2022-06-05T06:46:29","guid":{"rendered":"https:\/\/rabamurakas.ee\/?page_id=1593"},"modified":"2026-03-17T17:47:34","modified_gmt":"2026-03-17T17:47:34","slug":"magusmenuu","status":"publish","type":"page","link":"https:\/\/rabamurakas.ee\/en\/magusmenuu\/","title":{"rendered":"Sweets menu"},"content":{"rendered":"<div data-elementor-type=\"wp-page\" data-elementor-id=\"1593\" class=\"elementor elementor-1593\" data-elementor-post-type=\"page\">\n\t\t\t\t\t\t<section class=\"elementor-section elementor-top-section elementor-element elementor-element-2dc2832 elementor-section-boxed elementor-section-height-default elementor-section-height-default\" data-id=\"2dc2832\" data-element_type=\"section\" data-e-type=\"section\">\n\t\t\t\t\t\t<div class=\"elementor-container elementor-column-gap-default\">\n\t\t\t\t\t<div class=\"elementor-column elementor-col-100 elementor-top-column elementor-element elementor-element-0d4d114\" data-id=\"0d4d114\" data-element_type=\"column\" data-e-type=\"column\">\n\t\t\t<div class=\"elementor-widget-wrap elementor-element-populated\">\n\t\t\t\t\t\t<div class=\"elementor-element elementor-element-0a5eab4 elementor-widget elementor-widget-text-editor\" data-id=\"0a5eab4\" data-element_type=\"widget\" data-e-type=\"widget\" data-widget_type=\"text-editor.default\">\n\t\t\t\t<div class=\"elementor-widget-container\">\n\t\t\t\t\t\t\t\t\t<h4>Magusad<strong> koogid ja tordid<\/strong><\/h4><h6><em>Cakes and tarts from 1.5 kg. All cakes and sweets are decorated by the executor in a free way, unless the customer expresses special wishes. The most common allergens are indicated with the cakes, be sure to inform if there are certain food intolerances.\u00a0<\/em><em style=\"color: var(--ast-global-color-2); font-size: 0.9375rem;\">Hinnakiri on kehtiv alates 01.09.2023<\/em><\/h6><h6><strong>Napoleoni kook keedukreemi ja hapuka koduse moosiga\u00a0 \u00a020\u20ac\/kg<\/strong>\u00a0\u00a0<em style=\"color: var(--ast-global-color-2); font-size: 0.9375rem;\">(Allergens: wheat flour, milk, egg)<\/em><\/h6><h6><strong>K\u00fcpsisetort maasikavahu, banaani ja \u0161okolaadi ganachega\u00a0 22\u20ac\/kg\u00a0<\/strong>\u00a0\u00a0<em style=\"color: var(--ast-global-color-2); font-size: 0.9375rem;\">(Allergens: wheat flour, milk, egg, soy)<\/em><\/h6><h6><strong>Meekook hapukoorega 23\u20ac\/kg <\/strong><em>(Allergeenid: nisujahu, muna, hapukoor)<\/em><\/h6><h6><strong>Valge \u0161okolaadi-musts\u00f5strakook jogurtiga\u00a0 23\u20ac\/kg<\/strong>\u00a0 \u00a0<em>(Allergens: wheat flour, milk, egg, soy)<\/em><\/h6><h6><strong>Kohupiimakreemi ja marjadega biskviittort\u00a0 22 \u20ac\/kg\u00a0<\/strong> \u00a0<em>(Allergens: wheat flour, milk, egg)<\/em><\/h6><h6><strong>Toorjuustukreemi ja vaarikatega biskviittort\u00a0 24\u20ac\/kg\u00a0<\/strong> <em>(Allergens: wheat flour, milk, egg)<\/em><\/h6><h6><strong>K\u00fcpsetatud juustukook\u00a0 \u00a023\u20ac\/kg <\/strong>\u00a0 \u00a0<em>(Allergens: wheat flour, milk, egg)<\/em><\/h6><h6><strong>K\u00fcpsetatud juustukook Gei\u0161ha \u0161okolaadiga\u00a0 \u00a025\u20ac\/kg\u00a0<\/strong> <em>\u00a0(Allergens: wheat flour, milk, egg, nuts, soy)<\/em><\/h6><h6><strong>K\u00fcpsetatud juustukook Domino k\u00fcpsistega\u00a0 \u00a025\u20ac\/kg\u00a0<\/strong> \u00a0<em>(Allergens: wheat flour, milk, egg, soy)<\/em><\/h6><h6><strong>\u0160okolaadi beseerull musts\u00f5stardega\u00a0 28\u20ac\/ 2 rulli<\/strong>\u00a0<em>(Allergens: milk, egg)<\/em><\/h6><h6><strong>Vegan &#8220;juustukook&#8221; maap\u00e4hkli-datli kattega\u00a0 30\u20ac\/kg<\/strong>\u00a0 <em>(Allergens: nuts, oats)<\/em><\/h6><h6><strong>Vegan \u0161okolaadibrownie vanillikreemiga 24\u20ac\/kg\u00a0<\/strong><em> (Allergens: nuts, oats)\u00a0<\/em><\/h6><h6>\u00a0<\/h6><h4><strong>Mini cakes and snacks<\/strong><\/h4><h6><strong>Pavlova kook toorjuustukreemi ja marjadega\u00a0 3,8\u20ac\/tk (min kogus 10tk)\u00a0<\/strong> <em>(Allergens: egg, milk)<\/em><\/h6><h6><strong>Minikoogid kohupiimakreemi ja marjadega\u00a0 3,5\u20ac\/tk (min kogus 10tk)\u00a0<\/strong> <em>(Allergens: wheat flour, milk, egg, soy)<\/em><\/h6><h6><strong style=\"color: var(--ast-global-color-2); font-size: 0.9375rem; font-style: inherit;\">Kohupiimataskud \u0161okolaaditriipudega 1,8\u20ac\/tk (min kogus 12tk)\u00a0<\/strong> <em style=\"color: var(--ast-global-color-2); font-size: 0.9375rem;\">(Allergens: wheat flour, milk, egg, soy)<\/em><\/h6><h4><strong>Extras<\/strong><\/h4><h6><strong>Berries 200-400g \u20ac4-6<\/strong><\/h6><h6><strong>Candies\/biscuits 100g-300g \u20ac3-5<\/strong><\/h6><h6><strong>Roosa Ruby ganache tordi katteks al 4\u20ac-&#8230;<\/strong><\/h6><h6><strong>Name\/number\/text with chocolate \u20ac2<\/strong><\/h6><h6><strong>Suhkrupilt 9-13\u20ac<\/strong><\/h6><h6><strong>Strong base for cakes (3-12mm thick) 4-8\u20ac<\/strong><\/h6><h6><strong>(Generally, a strong base is added for cakes from 4 kg.)<\/strong><\/h6><h6><strong>Toitude transport peokohta alates 5-20\u20ac P\u00f5lva ja Tartu piirkonnas, kaugemate asukohtade puhul k\u00fcsi pakkumist!\u00a0\u00a0<\/strong><\/h6>\t\t\t\t\t\t\t\t<\/div>\n\t\t\t\t<\/div>\n\t\t\t\t<div class=\"elementor-element elementor-element-56c6176 elementor-align-center elementor-widget elementor-widget-button\" data-id=\"56c6176\" data-element_type=\"widget\" data-e-type=\"widget\" data-widget_type=\"button.default\">\n\t\t\t\t<div class=\"elementor-widget-container\">\n\t\t\t\t\t\t\t\t\t<div class=\"elementor-button-wrapper\">\n\t\t\t\t\t<a class=\"elementor-button elementor-button-link elementor-size-md\" href=\"https:\/\/rabamurakas.ee\/en\/kontakt\/\">\n\t\t\t\t\t\t<span class=\"elementor-button-content-wrapper\">\n\t\t\t\t\t\t\t\t\t<span class=\"elementor-button-text\">Contact me!<\/span>\n\t\t\t\t\t<\/span>\n\t\t\t\t\t<\/a>\n\t\t\t\t<\/div>\n\t\t\t\t\t\t\t\t<\/div>\n\t\t\t\t<\/div>\n\t\t\t\t\t<\/div>\n\t\t<\/div>\n\t\t\t\t\t<\/div>\n\t\t<\/section>\n\t\t\t\t<\/div>","protected":false},"excerpt":{"rendered":"<p>Magusad koogid ja tordid Koogid ja tordid alates 1,5kg. K\u00f5ik tordid ja maiustused on kaunistatud teostaja poolt vabal viisil, kui tellija ei avalda erisoove.\u00a0 Tortide juurde on m\u00e4rgitud \u00fcldlevinumad allergeenid, kindlasti teavitada, kui esineb teatuid toidutalumatusi.\u00a0Hinnakiri on kehtiv alates 01.09.2023 Napoleoni kook keedukreemi ja hapuka koduse moosiga\u00a0 \u00a020\u20ac\/kg\u00a0\u00a0(Allergeenid: nisujahu, piim, muna) K\u00fcpsisetort maasikavahu, banaani ja [&hellip;]<\/p>\n","protected":false},"author":1,"featured_media":2477,"parent":0,"menu_order":0,"comment_status":"closed","ping_status":"closed","template":"","meta":{"site-sidebar-layout":"no-sidebar","site-content-layout":"page-builder","ast-site-content-layout":"full-width-container","site-content-style":"unboxed","site-sidebar-style":"unboxed","ast-global-header-display":"","ast-banner-title-visibility":"","ast-main-header-display":"","ast-hfb-above-header-display":"","ast-hfb-below-header-display":"","ast-hfb-mobile-header-display":"","site-post-title":"disabled","ast-breadcrumbs-content":"","ast-featured-img":"disabled","footer-sml-layout":"","theme-transparent-header-meta":"default","adv-header-id-meta":"","stick-header-meta":"","header-above-stick-meta":"","header-main-stick-meta":"","header-below-stick-meta":"","astra-migrate-meta-layouts":"set","ast-page-background-enabled":"default","ast-page-background-meta":{"desktop":{"background-color":"var(--ast-global-color-4)","background-image":"","background-repeat":"repeat","background-position":"center center","background-size":"auto","background-attachment":"scroll","background-type":"","background-media":"","overlay-type":"","overlay-color":"","overlay-opacity":"","overlay-gradient":""},"tablet":{"background-color":"","background-image":"","background-repeat":"repeat","background-position":"center center","background-size":"auto","background-attachment":"scroll","background-type":"","background-media":"","overlay-type":"","overlay-color":"","overlay-opacity":"","overlay-gradient":""},"mobile":{"background-color":"","background-image":"","background-repeat":"repeat","background-position":"center center","background-size":"auto","background-attachment":"scroll","background-type":"","background-media":"","overlay-type":"","overlay-color":"","overlay-opacity":"","overlay-gradient":""}},"ast-content-background-meta":{"desktop":{"background-color":"var(--ast-global-color-5)","background-image":"","background-repeat":"repeat","background-position":"center center","background-size":"auto","background-attachment":"scroll","background-type":"","background-media":"","overlay-type":"","overlay-color":"","overlay-opacity":"","overlay-gradient":""},"tablet":{"background-color":"var(--ast-global-color-5)","background-image":"","background-repeat":"repeat","background-position":"center center","background-size":"auto","background-attachment":"scroll","background-type":"","background-media":"","overlay-type":"","overlay-color":"","overlay-opacity":"","overlay-gradient":""},"mobile":{"background-color":"var(--ast-global-color-5)","background-image":"","background-repeat":"repeat","background-position":"center center","background-size":"auto","background-attachment":"scroll","background-type":"","background-media":"","overlay-type":"","overlay-color":"","overlay-opacity":"","overlay-gradient":""}},"footnotes":""},"class_list":["post-1593","page","type-page","status-publish","has-post-thumbnail","hentry"],"yoast_head":"<!-- This site is optimized with the Yoast SEO plugin v27.5 - https:\/\/yoast.com\/product\/yoast-seo-wordpress\/ -->\n<title>Magus men\u00fc\u00fc - Rabamurakas<\/title>\n<meta name=\"description\" content=\"Ettetellimisel erinevad magusad tordid ja suupisted. Klientide vaieldamatu lemmik on k\u00fcpsisetort, biskviittordid, v\u00f5ileivatort jpm.\" \/>\n<meta name=\"robots\" content=\"index, follow, max-snippet:-1, max-image-preview:large, max-video-preview:-1\" \/>\n<link rel=\"canonical\" href=\"https:\/\/rabamurakas.ee\/en\/magusmenuu\/\" \/>\n<meta property=\"og:locale\" content=\"en_GB\" \/>\n<meta property=\"og:type\" content=\"article\" \/>\n<meta property=\"og:title\" content=\"Magus men\u00fc\u00fc - Rabamurakas\" \/>\n<meta property=\"og:description\" content=\"Ettetellimisel erinevad magusad tordid ja suupisted. Klientide vaieldamatu lemmik on k\u00fcpsisetort, biskviittordid, v\u00f5ileivatort jpm.\" \/>\n<meta property=\"og:url\" content=\"https:\/\/rabamurakas.ee\/en\/magusmenuu\/\" \/>\n<meta property=\"og:site_name\" content=\"Rabamurakas\" \/>\n<meta property=\"article:publisher\" content=\"https:\/\/www.facebook.com\/Rabamurakas\" \/>\n<meta property=\"article:modified_time\" content=\"2026-03-17T17:47:34+00:00\" \/>\n<meta property=\"og:image\" content=\"https:\/\/www.rabamurakas.ee\/wp-content\/uploads\/2023\/10\/IMG_0081.jpeg\" \/>\n\t<meta property=\"og:image:width\" content=\"1500\" \/>\n\t<meta property=\"og:image:height\" content=\"1000\" \/>\n\t<meta property=\"og:image:type\" content=\"image\/jpeg\" \/>\n<meta name=\"twitter:card\" content=\"summary_large_image\" \/>\n<meta name=\"twitter:label1\" content=\"Estimated reading time\" \/>\n\t<meta name=\"twitter:data1\" content=\"1 minute\" \/>\n<script type=\"application\/ld+json\" class=\"yoast-schema-graph\">{\"@context\":\"https:\\\/\\\/schema.org\",\"@graph\":[{\"@type\":\"WebPage\",\"@id\":\"https:\\\/\\\/rabamurakas.ee\\\/en\\\/magusmenuu\\\/\",\"url\":\"https:\\\/\\\/rabamurakas.ee\\\/en\\\/magusmenuu\\\/\",\"name\":\"Magus men\u00fc\u00fc - Rabamurakas\",\"isPartOf\":{\"@id\":\"https:\\\/\\\/rabamurakas.ee\\\/en\\\/#website\"},\"primaryImageOfPage\":{\"@id\":\"https:\\\/\\\/rabamurakas.ee\\\/en\\\/magusmenuu\\\/#primaryimage\"},\"image\":{\"@id\":\"https:\\\/\\\/rabamurakas.ee\\\/en\\\/magusmenuu\\\/#primaryimage\"},\"thumbnailUrl\":\"https:\\\/\\\/www.rabamurakas.ee\\\/wp-content\\\/uploads\\\/2023\\\/10\\\/IMG_0081.jpeg\",\"datePublished\":\"2022-06-05T06:46:29+00:00\",\"dateModified\":\"2026-03-17T17:47:34+00:00\",\"description\":\"Ettetellimisel erinevad magusad tordid ja suupisted. Klientide vaieldamatu lemmik on k\u00fcpsisetort, biskviittordid, v\u00f5ileivatort jpm.\",\"breadcrumb\":{\"@id\":\"https:\\\/\\\/rabamurakas.ee\\\/en\\\/magusmenuu\\\/#breadcrumb\"},\"inLanguage\":\"en-GB\",\"potentialAction\":[{\"@type\":\"ReadAction\",\"target\":[\"https:\\\/\\\/rabamurakas.ee\\\/en\\\/magusmenuu\\\/\"]}]},{\"@type\":\"ImageObject\",\"inLanguage\":\"en-GB\",\"@id\":\"https:\\\/\\\/rabamurakas.ee\\\/en\\\/magusmenuu\\\/#primaryimage\",\"url\":\"https:\\\/\\\/www.rabamurakas.ee\\\/wp-content\\\/uploads\\\/2023\\\/10\\\/IMG_0081.jpeg\",\"contentUrl\":\"https:\\\/\\\/www.rabamurakas.ee\\\/wp-content\\\/uploads\\\/2023\\\/10\\\/IMG_0081.jpeg\",\"width\":1500,\"height\":1000},{\"@type\":\"BreadcrumbList\",\"@id\":\"https:\\\/\\\/rabamurakas.ee\\\/en\\\/magusmenuu\\\/#breadcrumb\",\"itemListElement\":[{\"@type\":\"ListItem\",\"position\":1,\"name\":\"Home\",\"item\":\"https:\\\/\\\/rabamurakas.ee\\\/en\\\/\"},{\"@type\":\"ListItem\",\"position\":2,\"name\":\"Magus men\u00fc\u00fc\"}]},{\"@type\":\"WebSite\",\"@id\":\"https:\\\/\\\/rabamurakas.ee\\\/en\\\/#website\",\"url\":\"https:\\\/\\\/rabamurakas.ee\\\/en\\\/\",\"name\":\"Rabamurakas\",\"description\":\"Lauake kata end!\",\"publisher\":{\"@id\":\"https:\\\/\\\/rabamurakas.ee\\\/en\\\/#organization\"},\"potentialAction\":[{\"@type\":\"SearchAction\",\"target\":{\"@type\":\"EntryPoint\",\"urlTemplate\":\"https:\\\/\\\/rabamurakas.ee\\\/en\\\/?s={search_term_string}\"},\"query-input\":{\"@type\":\"PropertyValueSpecification\",\"valueRequired\":true,\"valueName\":\"search_term_string\"}}],\"inLanguage\":\"en-GB\"},{\"@type\":\"Organization\",\"@id\":\"https:\\\/\\\/rabamurakas.ee\\\/en\\\/#organization\",\"name\":\"Rabamurakas\",\"url\":\"https:\\\/\\\/rabamurakas.ee\\\/en\\\/\",\"logo\":{\"@type\":\"ImageObject\",\"inLanguage\":\"en-GB\",\"@id\":\"https:\\\/\\\/rabamurakas.ee\\\/en\\\/#\\\/schema\\\/logo\\\/image\\\/\",\"url\":\"https:\\\/\\\/rabamurakas.ee\\\/wp-content\\\/uploads\\\/2022\\\/06\\\/Rabamurakas-5.png\",\"contentUrl\":\"https:\\\/\\\/rabamurakas.ee\\\/wp-content\\\/uploads\\\/2022\\\/06\\\/Rabamurakas-5.png\",\"width\":940,\"height\":788,\"caption\":\"Rabamurakas\"},\"image\":{\"@id\":\"https:\\\/\\\/rabamurakas.ee\\\/en\\\/#\\\/schema\\\/logo\\\/image\\\/\"},\"sameAs\":[\"https:\\\/\\\/www.facebook.com\\\/Rabamurakas\"]}]}<\/script>\n<!-- \/ Yoast SEO plugin. -->","yoast_head_json":{"title":"Magus men\u00fc\u00fc - Rabamurakas","description":"Ettetellimisel erinevad magusad tordid ja suupisted. Klientide vaieldamatu lemmik on k\u00fcpsisetort, biskviittordid, v\u00f5ileivatort jpm.","robots":{"index":"index","follow":"follow","max-snippet":"max-snippet:-1","max-image-preview":"max-image-preview:large","max-video-preview":"max-video-preview:-1"},"canonical":"https:\/\/rabamurakas.ee\/en\/magusmenuu\/","og_locale":"en_GB","og_type":"article","og_title":"Magus men\u00fc\u00fc - Rabamurakas","og_description":"Ettetellimisel erinevad magusad tordid ja suupisted. Klientide vaieldamatu lemmik on k\u00fcpsisetort, biskviittordid, v\u00f5ileivatort jpm.","og_url":"https:\/\/rabamurakas.ee\/en\/magusmenuu\/","og_site_name":"Rabamurakas","article_publisher":"https:\/\/www.facebook.com\/Rabamurakas","article_modified_time":"2026-03-17T17:47:34+00:00","og_image":[{"width":1500,"height":1000,"url":"https:\/\/www.rabamurakas.ee\/wp-content\/uploads\/2023\/10\/IMG_0081.jpeg","type":"image\/jpeg"}],"twitter_card":"summary_large_image","twitter_misc":{"Estimated reading time":"1 minute"},"schema":{"@context":"https:\/\/schema.org","@graph":[{"@type":"WebPage","@id":"https:\/\/rabamurakas.ee\/en\/magusmenuu\/","url":"https:\/\/rabamurakas.ee\/en\/magusmenuu\/","name":"Magus men\u00fc\u00fc - Rabamurakas","isPartOf":{"@id":"https:\/\/rabamurakas.ee\/en\/#website"},"primaryImageOfPage":{"@id":"https:\/\/rabamurakas.ee\/en\/magusmenuu\/#primaryimage"},"image":{"@id":"https:\/\/rabamurakas.ee\/en\/magusmenuu\/#primaryimage"},"thumbnailUrl":"https:\/\/www.rabamurakas.ee\/wp-content\/uploads\/2023\/10\/IMG_0081.jpeg","datePublished":"2022-06-05T06:46:29+00:00","dateModified":"2026-03-17T17:47:34+00:00","description":"Ettetellimisel erinevad magusad tordid ja suupisted. Klientide vaieldamatu lemmik on k\u00fcpsisetort, biskviittordid, v\u00f5ileivatort jpm.","breadcrumb":{"@id":"https:\/\/rabamurakas.ee\/en\/magusmenuu\/#breadcrumb"},"inLanguage":"en-GB","potentialAction":[{"@type":"ReadAction","target":["https:\/\/rabamurakas.ee\/en\/magusmenuu\/"]}]},{"@type":"ImageObject","inLanguage":"en-GB","@id":"https:\/\/rabamurakas.ee\/en\/magusmenuu\/#primaryimage","url":"https:\/\/www.rabamurakas.ee\/wp-content\/uploads\/2023\/10\/IMG_0081.jpeg","contentUrl":"https:\/\/www.rabamurakas.ee\/wp-content\/uploads\/2023\/10\/IMG_0081.jpeg","width":1500,"height":1000},{"@type":"BreadcrumbList","@id":"https:\/\/rabamurakas.ee\/en\/magusmenuu\/#breadcrumb","itemListElement":[{"@type":"ListItem","position":1,"name":"Home","item":"https:\/\/rabamurakas.ee\/en\/"},{"@type":"ListItem","position":2,"name":"Magus men\u00fc\u00fc"}]},{"@type":"WebSite","@id":"https:\/\/rabamurakas.ee\/en\/#website","url":"https:\/\/rabamurakas.ee\/en\/","name":"Rabamurakas","description":"Lauake kata end!","publisher":{"@id":"https:\/\/rabamurakas.ee\/en\/#organization"},"potentialAction":[{"@type":"SearchAction","target":{"@type":"EntryPoint","urlTemplate":"https:\/\/rabamurakas.ee\/en\/?s={search_term_string}"},"query-input":{"@type":"PropertyValueSpecification","valueRequired":true,"valueName":"search_term_string"}}],"inLanguage":"en-GB"},{"@type":"Organization","@id":"https:\/\/rabamurakas.ee\/en\/#organization","name":"Rabamurakas","url":"https:\/\/rabamurakas.ee\/en\/","logo":{"@type":"ImageObject","inLanguage":"en-GB","@id":"https:\/\/rabamurakas.ee\/en\/#\/schema\/logo\/image\/","url":"https:\/\/rabamurakas.ee\/wp-content\/uploads\/2022\/06\/Rabamurakas-5.png","contentUrl":"https:\/\/rabamurakas.ee\/wp-content\/uploads\/2022\/06\/Rabamurakas-5.png","width":940,"height":788,"caption":"Rabamurakas"},"image":{"@id":"https:\/\/rabamurakas.ee\/en\/#\/schema\/logo\/image\/"},"sameAs":["https:\/\/www.facebook.com\/Rabamurakas"]}]}},"_links":{"self":[{"href":"https:\/\/rabamurakas.ee\/en\/wp-json\/wp\/v2\/pages\/1593","targetHints":{"allow":["GET"]}}],"collection":[{"href":"https:\/\/rabamurakas.ee\/en\/wp-json\/wp\/v2\/pages"}],"about":[{"href":"https:\/\/rabamurakas.ee\/en\/wp-json\/wp\/v2\/types\/page"}],"author":[{"embeddable":true,"href":"https:\/\/rabamurakas.ee\/en\/wp-json\/wp\/v2\/users\/1"}],"replies":[{"embeddable":true,"href":"https:\/\/rabamurakas.ee\/en\/wp-json\/wp\/v2\/comments?post=1593"}],"version-history":[{"count":5,"href":"https:\/\/rabamurakas.ee\/en\/wp-json\/wp\/v2\/pages\/1593\/revisions"}],"predecessor-version":[{"id":3166,"href":"https:\/\/rabamurakas.ee\/en\/wp-json\/wp\/v2\/pages\/1593\/revisions\/3166"}],"wp:featuredmedia":[{"embeddable":true,"href":"https:\/\/rabamurakas.ee\/en\/wp-json\/wp\/v2\/media\/2477"}],"wp:attachment":[{"href":"https:\/\/rabamurakas.ee\/en\/wp-json\/wp\/v2\/media?parent=1593"}],"curies":[{"name":"wp","href":"https:\/\/api.w.org\/{rel}","templated":true}]}}