{"id":1595,"date":"2022-06-05T06:46:49","date_gmt":"2022-06-05T06:46:49","guid":{"rendered":"https:\/\/rabamurakas.ee\/?page_id=1595"},"modified":"2026-03-17T17:55:32","modified_gmt":"2026-03-17T17:55:32","slug":"soolanemenuu","status":"publish","type":"page","link":"https:\/\/rabamurakas.ee\/en\/soolanemenuu\/","title":{"rendered":"Salty menu"},"content":{"rendered":"<div data-elementor-type=\"wp-page\" data-elementor-id=\"1595\" class=\"elementor elementor-1595\" data-elementor-post-type=\"page\">\n\t\t\t\t\t\t<section class=\"elementor-section elementor-top-section elementor-element elementor-element-fbd9496 elementor-section-boxed elementor-section-height-default elementor-section-height-default\" data-id=\"fbd9496\" data-element_type=\"section\" data-e-type=\"section\">\n\t\t\t\t\t\t<div class=\"elementor-container elementor-column-gap-default\">\n\t\t\t\t\t<div class=\"elementor-column elementor-col-100 elementor-top-column elementor-element elementor-element-20727c6\" data-id=\"20727c6\" data-element_type=\"column\" data-e-type=\"column\">\n\t\t\t<div class=\"elementor-widget-wrap elementor-element-populated\">\n\t\t\t\t\t\t<div class=\"elementor-element elementor-element-90660e9 elementor-widget elementor-widget-text-editor\" data-id=\"90660e9\" data-element_type=\"widget\" data-e-type=\"widget\" data-widget_type=\"text-editor.default\">\n\t\t\t\t<div class=\"elementor-widget-container\">\n\t\t\t\t\t\t\t\t\t<h4><strong>Salty cakes and snacks<\/strong><\/h4><h6><em>Minimaalne kogus soolaste tortide tellimiseks on 2 kg. K\u00f5ik tordid ja vaagnad on kaunistatud teostaja poolt vabal viisil, kui tellija ei avalda erisoove. Toodete juurde on m\u00e4rgitud \u00fcldlevinumad allergeenid,\u00a0 palun kindlasti teavitada, kui esineb teatuid toidutalumatusi. Hinnakiri on kehtiv alates 01.09.2023<\/em><\/h6><h6><strong>Heeringatort musta leiva ja kodujuustuga\u00a0 \u00a019\u20ac\/kg\u00a0 <\/strong>\u00a0<em>(Allergens: wheat, rye, barley, milk)<\/em><\/h6><h6><strong>V\u00f5ileivatort tuunikala v\u00f5i suitsukanaga\u00a0 21\u20ac\/kg\u00a0 \u00a0<\/strong><em style=\"color: var(--ast-global-color-2); font-size: 0.9375rem;\">(Allergens: wheat flour, oats, rye, milk, egg, seeds, nuts, mustard)<\/em><\/h6><h6><strong>Vaagen t\u00e4idetud munadega\u00a0 16\u20ac (20tk vaagnal)\u00a0 <\/strong><em>(Allergens: egg, mustard, milk)<\/em><\/h6><h6><strong>K\u00f6\u00f6giviljavaagen dipikastmega 16\u20ac\/kg <\/strong><em>(Allergeenid: hapukoor)<\/em><\/h6><h6><strong>Puuviljavaagen 16\u20ac\/kg<\/strong><\/h6><h6><strong>Suupistevaagen paneeritud kana, lavashirullide ja singirullidega\u00a0 30\u20ac\u00a0\u00a0<\/strong><em>(Allergens: wheat flour, milk, egg, mustard)<\/em><\/h6><h6><strong>Juustuvaagen (4 juustu, kuivikud, viinamari)\u00a0 25\u20ac\u00a0 <\/strong><em>(Allergens: wheat, barley, rye, oats, soy, milk)<\/em><\/h6><h6><strong>Segavaagen (2 juustu, 3 vorsti, kuivikud, viinamari) 25\u20ac\u00a0 \u00a0<\/strong><em>(Allergens: wheat, barley, rye, oats, soy, milk<\/em><\/h6><h6><strong>Rebitud sealihaga v\u00f5ikud 1,4\u20ac\/tk(v\u00e4ike) 2,8\u20ac\/tk(suur) <\/strong><em>Min kogus tellimiseks 10v\u00e4ikest\/5suurt (Allergeenid: nisu, oder, rukis, piim, v\u00fcrtsid)<\/em><\/h6><h6><strong>Minipitsad singi v\u00f5i hakklihaga 0.80\u20ac\/tk <\/strong><em>Min kogus tellimiseks 20 tk. (Allergeenid: nisujahu, juust)<\/em><\/h6>\t\t\t\t\t\t\t\t<\/div>\n\t\t\t\t<\/div>\n\t\t\t\t\t<\/div>\n\t\t<\/div>\n\t\t\t\t\t<\/div>\n\t\t<\/section>\n\t\t\t\t<section class=\"elementor-section elementor-top-section elementor-element elementor-element-e449afd elementor-section-boxed elementor-section-height-default elementor-section-height-default\" data-id=\"e449afd\" data-element_type=\"section\" data-e-type=\"section\">\n\t\t\t\t\t\t<div class=\"elementor-container elementor-column-gap-default\">\n\t\t\t\t\t<div class=\"elementor-column elementor-col-100 elementor-top-column elementor-element elementor-element-f55fd63\" data-id=\"f55fd63\" data-element_type=\"column\" data-e-type=\"column\">\n\t\t\t<div class=\"elementor-widget-wrap\">\n\t\t\t\t\t\t\t<\/div>\n\t\t<\/div>\n\t\t\t\t\t<\/div>\n\t\t<\/section>\n\t\t\t\t<section class=\"elementor-section elementor-top-section elementor-element elementor-element-3a0cd6f elementor-section-boxed elementor-section-height-default elementor-section-height-default\" data-id=\"3a0cd6f\" data-element_type=\"section\" data-e-type=\"section\">\n\t\t\t\t\t\t<div class=\"elementor-container elementor-column-gap-default\">\n\t\t\t\t\t<div class=\"elementor-column elementor-col-100 elementor-top-column elementor-element elementor-element-96b9df4\" data-id=\"96b9df4\" data-element_type=\"column\" data-e-type=\"column\">\n\t\t\t<div class=\"elementor-widget-wrap elementor-element-populated\">\n\t\t\t\t\t\t<div class=\"elementor-element elementor-element-0e05d54 gallery-spacing-custom elementor-widget elementor-widget-image-gallery\" data-id=\"0e05d54\" data-element_type=\"widget\" data-e-type=\"widget\" data-widget_type=\"image-gallery.default\">\n\t\t\t\t<div class=\"elementor-widget-container\">\n\t\t\t\t\t\t\t<div class=\"elementor-image-gallery\">\n\t\t\t<div id='gallery-1' class='gallery galleryid-1595 gallery-columns-2 gallery-size-medium'><figure class='gallery-item'>\n\t\t\t<div class='gallery-icon landscape'>\n\t\t\t\t<a href='https:\/\/www.rabamurakas.ee\/wp-content\/uploads\/2022\/04\/20211016_192558-1kkk-scaled.jpg'><img fetchpriority=\"high\" decoding=\"async\" width=\"300\" height=\"232\" src=\"https:\/\/www.rabamurakas.ee\/wp-content\/uploads\/2022\/04\/20211016_192558-1kkk-300x232.jpg\" class=\"attachment-medium size-medium\" alt=\"\" srcset=\"https:\/\/www.rabamurakas.ee\/wp-content\/uploads\/2022\/04\/20211016_192558-1kkk-300x232.jpg 300w, https:\/\/www.rabamurakas.ee\/wp-content\/uploads\/2022\/04\/20211016_192558-1kkk-scaled-600x463.jpg 600w, https:\/\/www.rabamurakas.ee\/wp-content\/uploads\/2022\/04\/20211016_192558-1kkk-1024x791.jpg 1024w, https:\/\/www.rabamurakas.ee\/wp-content\/uploads\/2022\/04\/20211016_192558-1kkk-768x593.jpg 768w, https:\/\/www.rabamurakas.ee\/wp-content\/uploads\/2022\/04\/20211016_192558-1kkk-1536x1186.jpg 1536w, https:\/\/www.rabamurakas.ee\/wp-content\/uploads\/2022\/04\/20211016_192558-1kkk-2048x1582.jpg 2048w\" sizes=\"(max-width: 300px) 100vw, 300px\" \/><\/a>\n\t\t\t<\/div><\/figure><figure class='gallery-item'>\n\t\t\t<div class='gallery-icon landscape'>\n\t\t\t\t<a href='https:\/\/www.rabamurakas.ee\/wp-content\/uploads\/2022\/04\/20211107_221835-scaled.jpg'><img decoding=\"async\" width=\"300\" height=\"225\" src=\"https:\/\/www.rabamurakas.ee\/wp-content\/uploads\/2022\/04\/20211107_221835-300x225.jpg\" class=\"attachment-medium size-medium\" alt=\"\" srcset=\"https:\/\/www.rabamurakas.ee\/wp-content\/uploads\/2022\/04\/20211107_221835-300x225.jpg 300w, https:\/\/www.rabamurakas.ee\/wp-content\/uploads\/2022\/04\/20211107_221835-scaled-600x450.jpg 600w, https:\/\/www.rabamurakas.ee\/wp-content\/uploads\/2022\/04\/20211107_221835-1024x768.jpg 1024w, https:\/\/www.rabamurakas.ee\/wp-content\/uploads\/2022\/04\/20211107_221835-768x576.jpg 768w, https:\/\/www.rabamurakas.ee\/wp-content\/uploads\/2022\/04\/20211107_221835-1536x1152.jpg 1536w, https:\/\/www.rabamurakas.ee\/wp-content\/uploads\/2022\/04\/20211107_221835-2048x1536.jpg 2048w\" sizes=\"(max-width: 300px) 100vw, 300px\" \/><\/a>\n\t\t\t<\/div><\/figure><figure class='gallery-item'>\n\t\t\t<div class='gallery-icon landscape'>\n\t\t\t\t<a href='https:\/\/www.rabamurakas.ee\/wp-content\/uploads\/2022\/04\/20210619_223406-scaled.jpg'><img decoding=\"async\" width=\"300\" height=\"225\" src=\"https:\/\/www.rabamurakas.ee\/wp-content\/uploads\/2022\/04\/20210619_223406-300x225.jpg\" class=\"attachment-medium size-medium\" alt=\"\" srcset=\"https:\/\/www.rabamurakas.ee\/wp-content\/uploads\/2022\/04\/20210619_223406-300x225.jpg 300w, https:\/\/www.rabamurakas.ee\/wp-content\/uploads\/2022\/04\/20210619_223406-scaled-600x450.jpg 600w, https:\/\/www.rabamurakas.ee\/wp-content\/uploads\/2022\/04\/20210619_223406-1024x768.jpg 1024w, https:\/\/www.rabamurakas.ee\/wp-content\/uploads\/2022\/04\/20210619_223406-768x576.jpg 768w, https:\/\/www.rabamurakas.ee\/wp-content\/uploads\/2022\/04\/20210619_223406-1536x1152.jpg 1536w, https:\/\/www.rabamurakas.ee\/wp-content\/uploads\/2022\/04\/20210619_223406-2048x1536.jpg 2048w\" sizes=\"(max-width: 300px) 100vw, 300px\" \/><\/a>\n\t\t\t<\/div><\/figure><figure class='gallery-item'>\n\t\t\t<div class='gallery-icon landscape'>\n\t\t\t\t<a href='https:\/\/www.rabamurakas.ee\/wp-content\/uploads\/2022\/04\/20211015_151940-scaled.jpg'><img loading=\"lazy\" decoding=\"async\" width=\"300\" height=\"219\" src=\"https:\/\/www.rabamurakas.ee\/wp-content\/uploads\/2022\/04\/20211015_151940-300x219.jpg\" class=\"attachment-medium size-medium\" alt=\"\" srcset=\"https:\/\/www.rabamurakas.ee\/wp-content\/uploads\/2022\/04\/20211015_151940-300x219.jpg 300w, https:\/\/www.rabamurakas.ee\/wp-content\/uploads\/2022\/04\/20211015_151940-scaled-600x438.jpg 600w, https:\/\/www.rabamurakas.ee\/wp-content\/uploads\/2022\/04\/20211015_151940-1024x748.jpg 1024w, https:\/\/www.rabamurakas.ee\/wp-content\/uploads\/2022\/04\/20211015_151940-768x561.jpg 768w, https:\/\/www.rabamurakas.ee\/wp-content\/uploads\/2022\/04\/20211015_151940-1536x1122.jpg 1536w, https:\/\/www.rabamurakas.ee\/wp-content\/uploads\/2022\/04\/20211015_151940-2048x1495.jpg 2048w\" sizes=\"(max-width: 300px) 100vw, 300px\" \/><\/a>\n\t\t\t<\/div><\/figure><figure class='gallery-item'>\n\t\t\t<div class='gallery-icon landscape'>\n\t\t\t\t<a href='https:\/\/www.rabamurakas.ee\/wp-content\/uploads\/2022\/04\/20211107_132505-1-scaled.jpg'><img loading=\"lazy\" decoding=\"async\" width=\"300\" height=\"225\" src=\"https:\/\/www.rabamurakas.ee\/wp-content\/uploads\/2022\/04\/20211107_132505-1-300x225.jpg\" class=\"attachment-medium size-medium\" alt=\"\" srcset=\"https:\/\/www.rabamurakas.ee\/wp-content\/uploads\/2022\/04\/20211107_132505-1-300x225.jpg 300w, https:\/\/www.rabamurakas.ee\/wp-content\/uploads\/2022\/04\/20211107_132505-1-scaled-600x450.jpg 600w, https:\/\/www.rabamurakas.ee\/wp-content\/uploads\/2022\/04\/20211107_132505-1-1024x768.jpg 1024w, https:\/\/www.rabamurakas.ee\/wp-content\/uploads\/2022\/04\/20211107_132505-1-768x576.jpg 768w, https:\/\/www.rabamurakas.ee\/wp-content\/uploads\/2022\/04\/20211107_132505-1-1536x1152.jpg 1536w, https:\/\/www.rabamurakas.ee\/wp-content\/uploads\/2022\/04\/20211107_132505-1-2048x1536.jpg 2048w\" sizes=\"(max-width: 300px) 100vw, 300px\" \/><\/a>\n\t\t\t<\/div><\/figure><figure class='gallery-item'>\n\t\t\t<div class='gallery-icon landscape'>\n\t\t\t\t<a href='https:\/\/www.rabamurakas.ee\/wp-content\/uploads\/2022\/03\/20210728_160606-scaled.jpg'><img loading=\"lazy\" decoding=\"async\" width=\"300\" height=\"225\" src=\"https:\/\/www.rabamurakas.ee\/wp-content\/uploads\/2022\/03\/20210728_160606-300x225.jpg\" class=\"attachment-medium size-medium\" alt=\"\" srcset=\"https:\/\/www.rabamurakas.ee\/wp-content\/uploads\/2022\/03\/20210728_160606-300x225.jpg 300w, https:\/\/www.rabamurakas.ee\/wp-content\/uploads\/2022\/03\/20210728_160606-scaled-600x450.jpg 600w, https:\/\/www.rabamurakas.ee\/wp-content\/uploads\/2022\/03\/20210728_160606-1024x768.jpg 1024w, https:\/\/www.rabamurakas.ee\/wp-content\/uploads\/2022\/03\/20210728_160606-768x576.jpg 768w, https:\/\/www.rabamurakas.ee\/wp-content\/uploads\/2022\/03\/20210728_160606-1536x1152.jpg 1536w, https:\/\/www.rabamurakas.ee\/wp-content\/uploads\/2022\/03\/20210728_160606-2048x1536.jpg 2048w\" sizes=\"(max-width: 300px) 100vw, 300px\" \/><\/a>\n\t\t\t<\/div><\/figure>\n\t\t<\/div>\n\t\t<\/div>\n\t\t\t\t\t\t<\/div>\n\t\t\t\t<\/div>\n\t\t\t\t\t<\/div>\n\t\t<\/div>\n\t\t\t\t\t<\/div>\n\t\t<\/section>\n\t\t\t\t<section class=\"elementor-section elementor-top-section elementor-element elementor-element-22f1175 elementor-section-boxed elementor-section-height-default elementor-section-height-default\" data-id=\"22f1175\" data-element_type=\"section\" data-e-type=\"section\">\n\t\t\t\t\t\t<div class=\"elementor-container elementor-column-gap-default\">\n\t\t\t\t\t<div class=\"elementor-column elementor-col-100 elementor-top-column elementor-element elementor-element-9ba6b4d\" data-id=\"9ba6b4d\" data-element_type=\"column\" data-e-type=\"column\">\n\t\t\t<div class=\"elementor-widget-wrap elementor-element-populated\">\n\t\t\t\t\t\t<div class=\"elementor-element elementor-element-a78f763 elementor-align-center elementor-widget elementor-widget-button\" data-id=\"a78f763\" data-element_type=\"widget\" data-e-type=\"widget\" data-widget_type=\"button.default\">\n\t\t\t\t<div class=\"elementor-widget-container\">\n\t\t\t\t\t\t\t\t\t<div class=\"elementor-button-wrapper\">\n\t\t\t\t\t<a class=\"elementor-button elementor-button-link elementor-size-sm\" href=\"https:\/\/rabamurakas.ee\/en\/kontakt\/\">\n\t\t\t\t\t\t<span class=\"elementor-button-content-wrapper\">\n\t\t\t\t\t\t\t\t\t<span class=\"elementor-button-text\">Contact me!<\/span>\n\t\t\t\t\t<\/span>\n\t\t\t\t\t<\/a>\n\t\t\t\t<\/div>\n\t\t\t\t\t\t\t\t<\/div>\n\t\t\t\t<\/div>\n\t\t\t\t\t<\/div>\n\t\t<\/div>\n\t\t\t\t\t<\/div>\n\t\t<\/section>\n\t\t\t\t<\/div>","protected":false},"excerpt":{"rendered":"<p>Soolased tordid ja suupisted Minimaalne kogus soolaste tortide tellimiseks on 2 kg. K\u00f5ik tordid ja vaagnad on kaunistatud teostaja poolt vabal viisil, kui tellija ei avalda erisoove. Toodete juurde on m\u00e4rgitud \u00fcldlevinumad allergeenid,\u00a0 palun kindlasti teavitada, kui esineb teatuid toidutalumatusi. Hinnakiri on kehtiv alates 01.09.2023 Heeringatort musta leiva ja kodujuustuga\u00a0 \u00a019\u20ac\/kg\u00a0 \u00a0(Allergeenid: nisu, rukis, oder, [&hellip;]<\/p>\n","protected":false},"author":1,"featured_media":1525,"parent":0,"menu_order":0,"comment_status":"closed","ping_status":"closed","template":"","meta":{"site-sidebar-layout":"no-sidebar","site-content-layout":"page-builder","ast-site-content-layout":"full-width-container","site-content-style":"unboxed","site-sidebar-style":"unboxed","ast-global-header-display":"","ast-banner-title-visibility":"","ast-main-header-display":"","ast-hfb-above-header-display":"","ast-hfb-below-header-display":"","ast-hfb-mobile-header-display":"","site-post-title":"disabled","ast-breadcrumbs-content":"","ast-featured-img":"disabled","footer-sml-layout":"","theme-transparent-header-meta":"default","adv-header-id-meta":"","stick-header-meta":"","header-above-stick-meta":"","header-main-stick-meta":"","header-below-stick-meta":"","astra-migrate-meta-layouts":"set","ast-page-background-enabled":"default","ast-page-background-meta":{"desktop":{"background-color":"var(--ast-global-color-4)","background-image":"","background-repeat":"repeat","background-position":"center center","background-size":"auto","background-attachment":"scroll","background-type":"","background-media":"","overlay-type":"","overlay-color":"","overlay-opacity":"","overlay-gradient":""},"tablet":{"background-color":"","background-image":"","background-repeat":"repeat","background-position":"center center","background-size":"auto","background-attachment":"scroll","background-type":"","background-media":"","overlay-type":"","overlay-color":"","overlay-opacity":"","overlay-gradient":""},"mobile":{"background-color":"","background-image":"","background-repeat":"repeat","background-position":"center center","background-size":"auto","background-attachment":"scroll","background-type":"","background-media":"","overlay-type":"","overlay-color":"","overlay-opacity":"","overlay-gradient":""}},"ast-content-background-meta":{"desktop":{"background-color":"var(--ast-global-color-5)","background-image":"","background-repeat":"repeat","background-position":"center center","background-size":"auto","background-attachment":"scroll","background-type":"","background-media":"","overlay-type":"","overlay-color":"","overlay-opacity":"","overlay-gradient":""},"tablet":{"background-color":"var(--ast-global-color-5)","background-image":"","background-repeat":"repeat","background-position":"center center","background-size":"auto","background-attachment":"scroll","background-type":"","background-media":"","overlay-type":"","overlay-color":"","overlay-opacity":"","overlay-gradient":""},"mobile":{"background-color":"var(--ast-global-color-5)","background-image":"","background-repeat":"repeat","background-position":"center center","background-size":"auto","background-attachment":"scroll","background-type":"","background-media":"","overlay-type":"","overlay-color":"","overlay-opacity":"","overlay-gradient":""}},"footnotes":""},"class_list":["post-1595","page","type-page","status-publish","has-post-thumbnail","hentry"],"yoast_head":"<!-- This site is optimized with the Yoast SEO plugin v27.5 - https:\/\/yoast.com\/product\/yoast-seo-wordpress\/ -->\n<title>Soolane men\u00fc\u00fc - Rabamurakas<\/title>\n<meta name=\"description\" content=\"Soolasest valikust leiad v\u00e4ga populaarse ja mahlase suitsukana v\u00f5i tuunikalaga v\u00f5ileivatordi, juustuvaagnaid ja segavaagnaid.\" \/>\n<meta name=\"robots\" content=\"index, follow, max-snippet:-1, max-image-preview:large, max-video-preview:-1\" \/>\n<link rel=\"canonical\" href=\"https:\/\/rabamurakas.ee\/en\/soolanemenuu\/\" \/>\n<meta property=\"og:locale\" content=\"en_GB\" \/>\n<meta property=\"og:type\" content=\"article\" \/>\n<meta property=\"og:title\" content=\"Soolane men\u00fc\u00fc - Rabamurakas\" \/>\n<meta property=\"og:description\" content=\"Soolasest valikust leiad v\u00e4ga populaarse ja mahlase suitsukana v\u00f5i tuunikalaga v\u00f5ileivatordi, juustuvaagnaid ja segavaagnaid.\" \/>\n<meta property=\"og:url\" content=\"https:\/\/rabamurakas.ee\/en\/soolanemenuu\/\" \/>\n<meta property=\"og:site_name\" content=\"Rabamurakas\" \/>\n<meta property=\"article:publisher\" content=\"https:\/\/www.facebook.com\/Rabamurakas\" \/>\n<meta property=\"article:modified_time\" content=\"2026-03-17T17:55:32+00:00\" \/>\n<meta property=\"og:image\" content=\"https:\/\/rabamurakas.ee\/wp-content\/uploads\/2022\/04\/20211016_192558-1kkk-scaled.jpg\" \/>\n\t<meta property=\"og:image:width\" content=\"2560\" \/>\n\t<meta property=\"og:image:height\" content=\"1977\" \/>\n\t<meta property=\"og:image:type\" content=\"image\/jpeg\" \/>\n<meta name=\"twitter:card\" content=\"summary_large_image\" \/>\n<meta name=\"twitter:label1\" content=\"Estimated reading time\" \/>\n\t<meta name=\"twitter:data1\" content=\"1 minute\" \/>\n<script type=\"application\/ld+json\" class=\"yoast-schema-graph\">{\"@context\":\"https:\\\/\\\/schema.org\",\"@graph\":[{\"@type\":\"WebPage\",\"@id\":\"https:\\\/\\\/rabamurakas.ee\\\/en\\\/soolanemenuu\\\/\",\"url\":\"https:\\\/\\\/rabamurakas.ee\\\/en\\\/soolanemenuu\\\/\",\"name\":\"Soolane men\u00fc\u00fc - Rabamurakas\",\"isPartOf\":{\"@id\":\"https:\\\/\\\/rabamurakas.ee\\\/en\\\/#website\"},\"primaryImageOfPage\":{\"@id\":\"https:\\\/\\\/rabamurakas.ee\\\/en\\\/soolanemenuu\\\/#primaryimage\"},\"image\":{\"@id\":\"https:\\\/\\\/rabamurakas.ee\\\/en\\\/soolanemenuu\\\/#primaryimage\"},\"thumbnailUrl\":\"https:\\\/\\\/www.rabamurakas.ee\\\/wp-content\\\/uploads\\\/2022\\\/04\\\/20211016_192558-1kkk-scaled.jpg\",\"datePublished\":\"2022-06-05T06:46:49+00:00\",\"dateModified\":\"2026-03-17T17:55:32+00:00\",\"description\":\"Soolasest valikust leiad v\u00e4ga populaarse ja mahlase suitsukana v\u00f5i tuunikalaga v\u00f5ileivatordi, juustuvaagnaid ja segavaagnaid.\",\"breadcrumb\":{\"@id\":\"https:\\\/\\\/rabamurakas.ee\\\/en\\\/soolanemenuu\\\/#breadcrumb\"},\"inLanguage\":\"en-GB\",\"potentialAction\":[{\"@type\":\"ReadAction\",\"target\":[\"https:\\\/\\\/rabamurakas.ee\\\/en\\\/soolanemenuu\\\/\"]}]},{\"@type\":\"ImageObject\",\"inLanguage\":\"en-GB\",\"@id\":\"https:\\\/\\\/rabamurakas.ee\\\/en\\\/soolanemenuu\\\/#primaryimage\",\"url\":\"https:\\\/\\\/www.rabamurakas.ee\\\/wp-content\\\/uploads\\\/2022\\\/04\\\/20211016_192558-1kkk-scaled.jpg\",\"contentUrl\":\"https:\\\/\\\/www.rabamurakas.ee\\\/wp-content\\\/uploads\\\/2022\\\/04\\\/20211016_192558-1kkk-scaled.jpg\",\"width\":2560,\"height\":1977},{\"@type\":\"BreadcrumbList\",\"@id\":\"https:\\\/\\\/rabamurakas.ee\\\/en\\\/soolanemenuu\\\/#breadcrumb\",\"itemListElement\":[{\"@type\":\"ListItem\",\"position\":1,\"name\":\"Home\",\"item\":\"https:\\\/\\\/rabamurakas.ee\\\/en\\\/\"},{\"@type\":\"ListItem\",\"position\":2,\"name\":\"Soolane men\u00fc\u00fc\"}]},{\"@type\":\"WebSite\",\"@id\":\"https:\\\/\\\/rabamurakas.ee\\\/en\\\/#website\",\"url\":\"https:\\\/\\\/rabamurakas.ee\\\/en\\\/\",\"name\":\"Rabamurakas\",\"description\":\"Lauake kata end!\",\"publisher\":{\"@id\":\"https:\\\/\\\/rabamurakas.ee\\\/en\\\/#organization\"},\"potentialAction\":[{\"@type\":\"SearchAction\",\"target\":{\"@type\":\"EntryPoint\",\"urlTemplate\":\"https:\\\/\\\/rabamurakas.ee\\\/en\\\/?s={search_term_string}\"},\"query-input\":{\"@type\":\"PropertyValueSpecification\",\"valueRequired\":true,\"valueName\":\"search_term_string\"}}],\"inLanguage\":\"en-GB\"},{\"@type\":\"Organization\",\"@id\":\"https:\\\/\\\/rabamurakas.ee\\\/en\\\/#organization\",\"name\":\"Rabamurakas\",\"url\":\"https:\\\/\\\/rabamurakas.ee\\\/en\\\/\",\"logo\":{\"@type\":\"ImageObject\",\"inLanguage\":\"en-GB\",\"@id\":\"https:\\\/\\\/rabamurakas.ee\\\/en\\\/#\\\/schema\\\/logo\\\/image\\\/\",\"url\":\"https:\\\/\\\/rabamurakas.ee\\\/wp-content\\\/uploads\\\/2022\\\/06\\\/Rabamurakas-5.png\",\"contentUrl\":\"https:\\\/\\\/rabamurakas.ee\\\/wp-content\\\/uploads\\\/2022\\\/06\\\/Rabamurakas-5.png\",\"width\":940,\"height\":788,\"caption\":\"Rabamurakas\"},\"image\":{\"@id\":\"https:\\\/\\\/rabamurakas.ee\\\/en\\\/#\\\/schema\\\/logo\\\/image\\\/\"},\"sameAs\":[\"https:\\\/\\\/www.facebook.com\\\/Rabamurakas\"]}]}<\/script>\n<!-- \/ Yoast SEO plugin. -->","yoast_head_json":{"title":"Soolane men\u00fc\u00fc - Rabamurakas","description":"Soolasest valikust leiad v\u00e4ga populaarse ja mahlase suitsukana v\u00f5i tuunikalaga v\u00f5ileivatordi, juustuvaagnaid ja segavaagnaid.","robots":{"index":"index","follow":"follow","max-snippet":"max-snippet:-1","max-image-preview":"max-image-preview:large","max-video-preview":"max-video-preview:-1"},"canonical":"https:\/\/rabamurakas.ee\/en\/soolanemenuu\/","og_locale":"en_GB","og_type":"article","og_title":"Soolane men\u00fc\u00fc - Rabamurakas","og_description":"Soolasest valikust leiad v\u00e4ga populaarse ja mahlase suitsukana v\u00f5i tuunikalaga v\u00f5ileivatordi, juustuvaagnaid ja segavaagnaid.","og_url":"https:\/\/rabamurakas.ee\/en\/soolanemenuu\/","og_site_name":"Rabamurakas","article_publisher":"https:\/\/www.facebook.com\/Rabamurakas","article_modified_time":"2026-03-17T17:55:32+00:00","og_image":[{"width":2560,"height":1977,"url":"https:\/\/rabamurakas.ee\/wp-content\/uploads\/2022\/04\/20211016_192558-1kkk-scaled.jpg","type":"image\/jpeg"}],"twitter_card":"summary_large_image","twitter_misc":{"Estimated reading time":"1 minute"},"schema":{"@context":"https:\/\/schema.org","@graph":[{"@type":"WebPage","@id":"https:\/\/rabamurakas.ee\/en\/soolanemenuu\/","url":"https:\/\/rabamurakas.ee\/en\/soolanemenuu\/","name":"Soolane men\u00fc\u00fc - Rabamurakas","isPartOf":{"@id":"https:\/\/rabamurakas.ee\/en\/#website"},"primaryImageOfPage":{"@id":"https:\/\/rabamurakas.ee\/en\/soolanemenuu\/#primaryimage"},"image":{"@id":"https:\/\/rabamurakas.ee\/en\/soolanemenuu\/#primaryimage"},"thumbnailUrl":"https:\/\/www.rabamurakas.ee\/wp-content\/uploads\/2022\/04\/20211016_192558-1kkk-scaled.jpg","datePublished":"2022-06-05T06:46:49+00:00","dateModified":"2026-03-17T17:55:32+00:00","description":"Soolasest valikust leiad v\u00e4ga populaarse ja mahlase suitsukana v\u00f5i tuunikalaga v\u00f5ileivatordi, juustuvaagnaid ja segavaagnaid.","breadcrumb":{"@id":"https:\/\/rabamurakas.ee\/en\/soolanemenuu\/#breadcrumb"},"inLanguage":"en-GB","potentialAction":[{"@type":"ReadAction","target":["https:\/\/rabamurakas.ee\/en\/soolanemenuu\/"]}]},{"@type":"ImageObject","inLanguage":"en-GB","@id":"https:\/\/rabamurakas.ee\/en\/soolanemenuu\/#primaryimage","url":"https:\/\/www.rabamurakas.ee\/wp-content\/uploads\/2022\/04\/20211016_192558-1kkk-scaled.jpg","contentUrl":"https:\/\/www.rabamurakas.ee\/wp-content\/uploads\/2022\/04\/20211016_192558-1kkk-scaled.jpg","width":2560,"height":1977},{"@type":"BreadcrumbList","@id":"https:\/\/rabamurakas.ee\/en\/soolanemenuu\/#breadcrumb","itemListElement":[{"@type":"ListItem","position":1,"name":"Home","item":"https:\/\/rabamurakas.ee\/en\/"},{"@type":"ListItem","position":2,"name":"Soolane men\u00fc\u00fc"}]},{"@type":"WebSite","@id":"https:\/\/rabamurakas.ee\/en\/#website","url":"https:\/\/rabamurakas.ee\/en\/","name":"Rabamurakas","description":"Lauake kata end!","publisher":{"@id":"https:\/\/rabamurakas.ee\/en\/#organization"},"potentialAction":[{"@type":"SearchAction","target":{"@type":"EntryPoint","urlTemplate":"https:\/\/rabamurakas.ee\/en\/?s={search_term_string}"},"query-input":{"@type":"PropertyValueSpecification","valueRequired":true,"valueName":"search_term_string"}}],"inLanguage":"en-GB"},{"@type":"Organization","@id":"https:\/\/rabamurakas.ee\/en\/#organization","name":"Rabamurakas","url":"https:\/\/rabamurakas.ee\/en\/","logo":{"@type":"ImageObject","inLanguage":"en-GB","@id":"https:\/\/rabamurakas.ee\/en\/#\/schema\/logo\/image\/","url":"https:\/\/rabamurakas.ee\/wp-content\/uploads\/2022\/06\/Rabamurakas-5.png","contentUrl":"https:\/\/rabamurakas.ee\/wp-content\/uploads\/2022\/06\/Rabamurakas-5.png","width":940,"height":788,"caption":"Rabamurakas"},"image":{"@id":"https:\/\/rabamurakas.ee\/en\/#\/schema\/logo\/image\/"},"sameAs":["https:\/\/www.facebook.com\/Rabamurakas"]}]}},"_links":{"self":[{"href":"https:\/\/rabamurakas.ee\/en\/wp-json\/wp\/v2\/pages\/1595","targetHints":{"allow":["GET"]}}],"collection":[{"href":"https:\/\/rabamurakas.ee\/en\/wp-json\/wp\/v2\/pages"}],"about":[{"href":"https:\/\/rabamurakas.ee\/en\/wp-json\/wp\/v2\/types\/page"}],"author":[{"embeddable":true,"href":"https:\/\/rabamurakas.ee\/en\/wp-json\/wp\/v2\/users\/1"}],"replies":[{"embeddable":true,"href":"https:\/\/rabamurakas.ee\/en\/wp-json\/wp\/v2\/comments?post=1595"}],"version-history":[{"count":5,"href":"https:\/\/rabamurakas.ee\/en\/wp-json\/wp\/v2\/pages\/1595\/revisions"}],"predecessor-version":[{"id":3169,"href":"https:\/\/rabamurakas.ee\/en\/wp-json\/wp\/v2\/pages\/1595\/revisions\/3169"}],"wp:featuredmedia":[{"embeddable":true,"href":"https:\/\/rabamurakas.ee\/en\/wp-json\/wp\/v2\/media\/1525"}],"wp:attachment":[{"href":"https:\/\/rabamurakas.ee\/en\/wp-json\/wp\/v2\/media?parent=1595"}],"curies":[{"name":"wp","href":"https:\/\/api.w.org\/{rel}","templated":true}]}}